{"id":22589,"date":"2025-10-21T22:00:37","date_gmt":"2025-10-21T22:00:37","guid":{"rendered":"https:\/\/theone100.com\/product\/%d9%be%d8%a7%d8%b1%da%86%db%95-%da%af%d9%88%d8%b4%d8%aa-%da%af%d8%a7-%d9%84%db%95%da%af%db%95%da%b5-%d8%a6%db%8e%d8%b3%da%a9\/"},"modified":"2025-10-21T22:00:37","modified_gmt":"2025-10-21T22:00:37","slug":"%d9%be%d8%a7%d8%b1%da%86%db%95-%da%af%d9%88%d8%b4%d8%aa-%da%af%d8%a7-%d9%84%db%95%da%af%db%95%da%b5-%d8%a6%db%8e%d8%b3%da%a9","status":"publish","type":"product","link":"https:\/\/theone100.com\/ku\/product\/%d9%be%d8%a7%d8%b1%da%86%db%95-%da%af%d9%88%d8%b4%d8%aa-%da%af%d8%a7-%d9%84%db%95%da%af%db%95%da%b5-%d8%a6%db%8e%d8%b3%da%a9\/","title":{"rendered":"\u067e\u0627\u0631\u0686\u06d5 \u06af\u0648\u0634\u062a \u06af\u0627 \u0644\u06d5\u06af\u06d5\u06b5 \u0626\u06ce\u0633\u06a9"},"content":{"rendered":"<article id=\"post-21440\" class=\"services_single itemscope post-21440 cpt_services type-cpt_services status-publish has-post-thumbnail hentry cpt_services_group-steak-grill\" data-post-id=\"21440\">\n<section class=\"services_page_content entry-content\">Par\u00e7ey\u00ean go\u015ft\u00ea bi hestiy\u00ea grilkir\u00ee, y\u00ean mermer\u00ee y\u00ean bira\u015ft\u00ee, bi sosa kivarkan, kartol\u00ean pijand\u00ee y\u00ean pi\u00e7\u00fbk \u00fb sebzey\u00ean bira\u015ft\u00ee re t\u00eane p\u00ea\u015fk\u00ea\u015f kirin.<\/section>\n<\/article>\n","protected":false},"excerpt":{"rendered":"<p>Par\u00e7ey\u00ean go\u015ft\u00ea bi hestiy\u00ea grilkir\u00ee, y\u00ean mermer\u00ee y\u00ean bira\u015ft\u00ee, bi sosa kivarkan, kartol\u00ean pijand\u00ee y\u00ean pi\u00e7\u00fbk \u00fb sebzey\u00ean bira\u015ft\u00ee re t\u00eane p\u00ea\u015fk\u00ea\u015f kirin.<\/p>\n","protected":false},"featured_media":0,"comment_status":"open","ping_status":"closed","template":"","meta":[],"product_brand":[],"product_cat":[267],"product_tag":[],"class_list":{"0":"post-22589","1":"product","2":"type-product","3":"status-publish","5":"product_cat-pizzas","7":"first","8":"instock","9":"shipping-taxable","10":"purchasable","11":"product-type-simple"},"_links":{"self":[{"href":"https:\/\/theone100.com\/ku\/wp-json\/wp\/v2\/product\/22589","targetHints":{"allow":["GET"]}}],"collection":[{"href":"https:\/\/theone100.com\/ku\/wp-json\/wp\/v2\/product"}],"about":[{"href":"https:\/\/theone100.com\/ku\/wp-json\/wp\/v2\/types\/product"}],"replies":[{"embeddable":true,"href":"https:\/\/theone100.com\/ku\/wp-json\/wp\/v2\/comments?post=22589"}],"wp:attachment":[{"href":"https:\/\/theone100.com\/ku\/wp-json\/wp\/v2\/media?parent=22589"}],"wp:term":[{"taxonomy":"product_brand","embeddable":true,"href":"https:\/\/theone100.com\/ku\/wp-json\/wp\/v2\/product_brand?post=22589"},{"taxonomy":"product_cat","embeddable":true,"href":"https:\/\/theone100.com\/ku\/wp-json\/wp\/v2\/product_cat?post=22589"},{"taxonomy":"product_tag","embeddable":true,"href":"https:\/\/theone100.com\/ku\/wp-json\/wp\/v2\/product_tag?post=22589"}],"curies":[{"name":"wp","href":"https:\/\/api.w.org\/{rel}","templated":true}]}}