{"id":22593,"date":"2025-10-21T22:02:19","date_gmt":"2025-10-21T22:02:19","guid":{"rendered":"https:\/\/theone100.com\/product\/%d9%be%db%8c%d8%aa%d8%b2%d8%a7-%d9%be%db%86%d9%84%db%86\/"},"modified":"2025-10-21T22:02:19","modified_gmt":"2025-10-21T22:02:19","slug":"%d9%be%db%8c%d8%aa%d8%b2%d8%a7-%d9%be%db%86%d9%84%db%86","status":"publish","type":"product","link":"https:\/\/theone100.com\/ku\/product\/%d9%be%db%8c%d8%aa%d8%b2%d8%a7-%d9%be%db%86%d9%84%db%86\/","title":{"rendered":"\u067e\u06cc\u062a\u0632\u0627 \u067e\u06c6\u0644\u06c6"},"content":{"rendered":"<p>Sos\u00ea krem\u00ee y\u00ea tevl\u00eehev \u00ea b\u00eebera sor, sing\u00ea mir\u00ee\u015fk\u00ea, pen\u00eer\u00ea mozzarella, sos\u00ea ranch, pen\u00eer\u00ea parmesan<\/p>\n","protected":false},"excerpt":{"rendered":"<p>Sos\u00ea krem\u00ee y\u00ea tevl\u00eehev \u00ea b\u00eebera sor, sing\u00ea mir\u00ee\u015fk\u00ea, pen\u00eer\u00ea mozzarella, sos\u00ea ranch, pen\u00eer\u00ea parmesan<\/p>\n","protected":false},"featured_media":24694,"comment_status":"open","ping_status":"closed","template":"","meta":[],"product_brand":[],"product_cat":[267],"product_tag":[],"class_list":{"0":"post-22593","1":"product","2":"type-product","3":"status-publish","4":"has-post-thumbnail","6":"product_cat-pizzas","8":"first","9":"instock","10":"shipping-taxable","11":"purchasable","12":"product-type-simple"},"_links":{"self":[{"href":"https:\/\/theone100.com\/ku\/wp-json\/wp\/v2\/product\/22593","targetHints":{"allow":["GET"]}}],"collection":[{"href":"https:\/\/theone100.com\/ku\/wp-json\/wp\/v2\/product"}],"about":[{"href":"https:\/\/theone100.com\/ku\/wp-json\/wp\/v2\/types\/product"}],"replies":[{"embeddable":true,"href":"https:\/\/theone100.com\/ku\/wp-json\/wp\/v2\/comments?post=22593"}],"wp:featuredmedia":[{"embeddable":true,"href":"https:\/\/theone100.com\/ku\/wp-json\/wp\/v2\/media\/24694"}],"wp:attachment":[{"href":"https:\/\/theone100.com\/ku\/wp-json\/wp\/v2\/media?parent=22593"}],"wp:term":[{"taxonomy":"product_brand","embeddable":true,"href":"https:\/\/theone100.com\/ku\/wp-json\/wp\/v2\/product_brand?post=22593"},{"taxonomy":"product_cat","embeddable":true,"href":"https:\/\/theone100.com\/ku\/wp-json\/wp\/v2\/product_cat?post=22593"},{"taxonomy":"product_tag","embeddable":true,"href":"https:\/\/theone100.com\/ku\/wp-json\/wp\/v2\/product_tag?post=22593"}],"curies":[{"name":"wp","href":"https:\/\/api.w.org\/{rel}","templated":true}]}}