{"id":22601,"date":"2025-10-21T22:03:05","date_gmt":"2025-10-21T22:03:05","guid":{"rendered":"https:\/\/theone100.com\/product\/%d9%85%db%8c%da%af%d9%88%db%8c-%d8%a8%d8%a7%d9%86%d8%a7%d9%86%d8%a7%db%8c-%d8%aa%d8%a7%db%8c%d8%a8%db%95%d8%aa\/"},"modified":"2025-10-21T22:03:05","modified_gmt":"2025-10-21T22:03:05","slug":"%d9%85%db%8c%da%af%d9%88%db%8c-%d8%a8%d8%a7%d9%86%d8%a7%d9%86%d8%a7%db%8c-%d8%aa%d8%a7%db%8c%d8%a8%db%95%d8%aa","status":"publish","type":"product","link":"https:\/\/theone100.com\/ku\/product\/%d9%85%db%8c%da%af%d9%88%db%8c-%d8%a8%d8%a7%d9%86%d8%a7%d9%86%d8%a7%db%8c-%d8%aa%d8%a7%db%8c%d8%a8%db%95%d8%aa\/","title":{"rendered":"\u0645\u06cc\u06af\u0648\u06cc \u0628\u0627\u0646\u0627\u0646\u0627\u06cc \u062a\u0627\u06cc\u0628\u06d5\u062a"},"content":{"rendered":"<p>M\u00eeguy\u00ean bi pen\u00eer\u00ea krem\u00ee, m\u00eeguy\u00ean kevjal, m\u00fbz, tobiko, g\u00fbz, sos\u00ea mayonez\u00ea,<\/p>\n","protected":false},"excerpt":{"rendered":"<p>M\u00eeguy\u00ean bi pen\u00eer\u00ea krem\u00ee, m\u00eeguy\u00ean kevjal, m\u00fbz, tobiko, g\u00fbz, sos\u00ea mayonez\u00ea,<\/p>\n","protected":false},"featured_media":24684,"comment_status":"open","ping_status":"closed","template":"","meta":[],"product_brand":[],"product_cat":[270],"product_tag":[],"class_list":{"0":"post-22601","1":"product","2":"type-product","3":"status-publish","4":"has-post-thumbnail","6":"product_cat-seafood-sushi","8":"first","9":"instock","10":"shipping-taxable","11":"purchasable","12":"product-type-simple"},"_links":{"self":[{"href":"https:\/\/theone100.com\/ku\/wp-json\/wp\/v2\/product\/22601","targetHints":{"allow":["GET"]}}],"collection":[{"href":"https:\/\/theone100.com\/ku\/wp-json\/wp\/v2\/product"}],"about":[{"href":"https:\/\/theone100.com\/ku\/wp-json\/wp\/v2\/types\/product"}],"replies":[{"embeddable":true,"href":"https:\/\/theone100.com\/ku\/wp-json\/wp\/v2\/comments?post=22601"}],"wp:featuredmedia":[{"embeddable":true,"href":"https:\/\/theone100.com\/ku\/wp-json\/wp\/v2\/media\/24684"}],"wp:attachment":[{"href":"https:\/\/theone100.com\/ku\/wp-json\/wp\/v2\/media?parent=22601"}],"wp:term":[{"taxonomy":"product_brand","embeddable":true,"href":"https:\/\/theone100.com\/ku\/wp-json\/wp\/v2\/product_brand?post=22601"},{"taxonomy":"product_cat","embeddable":true,"href":"https:\/\/theone100.com\/ku\/wp-json\/wp\/v2\/product_cat?post=22601"},{"taxonomy":"product_tag","embeddable":true,"href":"https:\/\/theone100.com\/ku\/wp-json\/wp\/v2\/product_tag?post=22601"}],"curies":[{"name":"wp","href":"https:\/\/api.w.org\/{rel}","templated":true}]}}