{"id":22955,"date":"2025-11-10T00:23:29","date_gmt":"2025-11-10T00:23:29","guid":{"rendered":"https:\/\/theone100.com\/product\/%da%a9%d9%84%d8%a7%d9%88%d8%af%db%8c-%d8%a8%db%8c%d9%81\/"},"modified":"2025-11-10T00:23:29","modified_gmt":"2025-11-10T00:23:29","slug":"%da%a9%d9%84%d8%a7%d9%88%d8%af%db%8c-%d8%a8%db%8c%d9%81","status":"publish","type":"product","link":"https:\/\/theone100.com\/ku\/product\/%da%a9%d9%84%d8%a7%d9%88%d8%af%db%8c-%d8%a8%db%8c%d9%81\/","title":{"rendered":"\u06a9\u0644\u0627\u0648\u062f\u06cc \u0628\u06cc\u0641"},"content":{"rendered":"<p>Ji bo ezman\u00ean ban\u00ee \u00fb \u00ee\u015ftah\u00ean raf\u00eener hatiye \u00e7\u00eakirin. \u0628\u06c6 \u0626\u0627\u0633\u0645\u0627\u0646\u06cc \u0633\u06d5\u0631\u0628\u0627\u0646 \u0648 \u062a\u0627\u0645\u06d5 \u067e\u06ce\u0686\u06d5\u0648\u0627\u0646\u06d5\u06a9\u0627\u0646 \u062f\u0631\u0648\u0633\u062a\u06a9\u0631\u0627\u0648\u06d5.<br \/>\u067e\u0627\u0631\u0686\u06d5 \u0646\u0631\u0645\u06cc \u06af\u06c6\u0634\u062a\u06cc \u062a\u06d5\u0646\u062f\u06d5\u0631\u0644\u06c6\u06cc\u0646\u06cc \u0628\u06cc\u0641 \u06a9\u06d5 \u0644\u06d5\u06af\u06d5\u06b5 \u06a9\u06d5\u067e\u0633\u06cc\u0643\u06d5\u0645\u06cc \u0695\u06d5\u0646\u06af\u06cc\u0646 \u0633\u0648\u0648\u062a\u0627\u0648\u06d5\u060c \u0644\u06d5\u0633\u06d5\u0631 \u0628\u0631\u0646\u062c\u06cc \u0633\u067e\u06cc \u067e\u06ce\u0634\u06a9\u06d5\u0634 \u062f\u06d5\u06a9\u0631\u06ce\u062a \u0648 \u0628\u06d5 \u0633\u06c6\u0633\u06ce\u06a9\u06cc \u0641\u06ce\u0648\u0698\u0646\u06ce\u06a9\u06cc \u0646\u06d5\u0631\u0645 \u0648 \u062f\u06d5\u0648\u06b5\u06d5\u0645\u06d5\u0646\u062f \u062a\u06d5\u0648\u0627\u0648 \u062f\u06d5\u06a9\u0631\u06ce\u062a.<br \/>\u062f\u0631\u0648\u0633\u062a\u06a9\u0631\u0627\u0648\u06ce\u06a9\u06cc \u0628\u06d5\u0647\u06ce\u0632 \u0648 \u0647\u06ce\u0645\u0646 \u06a9\u06d5 \u0626\u0627\u0631\u0627\u0645\u06cc \u0648 \u062c\u0648\u0627\u0646\u06cc \u0628\u06d5 \u0634\u06ce\u0648\u06d5\u06cc\u06d5\u06a9\u06cc \u0628\u06ce\u200c\u06a9\u06ce\u0634\u06d5 \u067e\u06ce\u06a9\u062f\u06d5\u0647\u06ce\u0646\u06ce\u062a. .<\/p>\n","protected":false},"excerpt":{"rendered":"<p>Ji bo ezman\u00ean ban\u00ee \u00fb \u00ee\u015ftah\u00ean raf\u00eener hatiye \u00e7\u00eakirin. \u0628\u06c6 \u0626\u0627\u0633\u0645\u0627\u0646\u06cc \u0633\u06d5\u0631\u0628\u0627\u0646 \u0648 \u062a\u0627\u0645\u06d5 \u067e\u06ce\u0686\u06d5\u0648\u0627\u0646\u06d5\u06a9\u0627\u0646 \u062f\u0631\u0648\u0633\u062a\u06a9\u0631\u0627\u0648\u06d5.\u067e\u0627\u0631\u0686\u06d5 \u0646\u0631\u0645\u06cc \u06af\u06c6\u0634\u062a\u06cc \u062a\u06d5\u0646\u062f\u06d5\u0631\u0644\u06c6\u06cc\u0646\u06cc \u0628\u06cc\u0641 \u06a9\u06d5 \u0644\u06d5\u06af\u06d5\u06b5 \u06a9\u06d5\u067e\u0633\u06cc\u0643\u06d5\u0645\u06cc \u0695\u06d5\u0646\u06af\u06cc\u0646 \u0633\u0648\u0648\u062a\u0627\u0648\u06d5\u060c \u0644\u06d5\u0633\u06d5\u0631 \u0628\u0631\u0646\u062c\u06cc \u0633\u067e\u06cc \u067e\u06ce\u0634\u06a9\u06d5\u0634 \u062f\u06d5\u06a9\u0631\u06ce\u062a&hellip;<\/p>\n","protected":false},"featured_media":24622,"comment_status":"open","ping_status":"closed","template":"","meta":[],"product_brand":[],"product_cat":[282],"product_tag":[],"class_list":{"0":"post-22955","1":"product","2":"type-product","3":"status-publish","4":"has-post-thumbnail","6":"product_cat-main-course","8":"first","9":"instock","10":"shipping-taxable","11":"purchasable","12":"product-type-simple"},"_links":{"self":[{"href":"https:\/\/theone100.com\/ku\/wp-json\/wp\/v2\/product\/22955","targetHints":{"allow":["GET"]}}],"collection":[{"href":"https:\/\/theone100.com\/ku\/wp-json\/wp\/v2\/product"}],"about":[{"href":"https:\/\/theone100.com\/ku\/wp-json\/wp\/v2\/types\/product"}],"replies":[{"embeddable":true,"href":"https:\/\/theone100.com\/ku\/wp-json\/wp\/v2\/comments?post=22955"}],"wp:featuredmedia":[{"embeddable":true,"href":"https:\/\/theone100.com\/ku\/wp-json\/wp\/v2\/media\/24622"}],"wp:attachment":[{"href":"https:\/\/theone100.com\/ku\/wp-json\/wp\/v2\/media?parent=22955"}],"wp:term":[{"taxonomy":"product_brand","embeddable":true,"href":"https:\/\/theone100.com\/ku\/wp-json\/wp\/v2\/product_brand?post=22955"},{"taxonomy":"product_cat","embeddable":true,"href":"https:\/\/theone100.com\/ku\/wp-json\/wp\/v2\/product_cat?post=22955"},{"taxonomy":"product_tag","embeddable":true,"href":"https:\/\/theone100.com\/ku\/wp-json\/wp\/v2\/product_tag?post=22955"}],"curies":[{"name":"wp","href":"https:\/\/api.w.org\/{rel}","templated":true}]}}